{"id":3441,"date":"2024-07-30T17:17:31","date_gmt":"2024-07-30T22:17:31","guid":{"rendered":"https:\/\/pasteleriarominas.com\/?page_id=3441"},"modified":"2024-07-30T17:20:12","modified_gmt":"2024-07-30T22:20:12","slug":"politica-de-cookies","status":"publish","type":"page","link":"https:\/\/pasteleriarominas.com\/?page_id=3441","title":{"rendered":"Politica de Cookies"},"content":{"rendered":"\n<p>En Rominas , utilizamos cookies para mejorar tu experiencia en nuestro sitio web.<\/p>\n\n\n\n<p><\/p>\n\n\n\n<h3 class=\"wp-block-heading\">1. \u00bfQu\u00e9 son las Cookies?<\/h3>\n\n\n\n<p>Las cookies son peque\u00f1os archivos de texto que se almacenan en tu dispositivo para recordar tus preferencias y mejorar la funcionalidad del sitio web.<\/p>\n\n\n\n<h3 class=\"wp-block-heading\">2. Tipos de Cookies que Usamos<\/h3>\n\n\n\n<ul class=\"wp-block-list\">\n<li><strong>Cookies Necesarias<\/strong>: Son esenciales para que el sitio web funcione correctamente.<\/li>\n\n\n\n<li><strong>Cookies de Rendimiento<\/strong>: Nos permiten analizar c\u00f3mo usas nuestro sitio para mejorar su rendimiento.<\/li>\n\n\n\n<li><strong>Cookies de Funcionalidad<\/strong>: Recuerdan tus preferencias y configuraciones para mejorar tu experiencia.<\/li>\n<\/ul>\n\n\n\n<h3 class=\"wp-block-heading\">3. Control de Cookies<\/h3>\n\n\n\n<ul class=\"wp-block-list\">\n<li><strong>Aceptaci\u00f3n<\/strong>: Al continuar utilizando nuestro sitio web, aceptas el uso de cookies.<\/li>\n\n\n\n<li><strong>Desactivaci\u00f3n<\/strong>: Puedes desactivar las cookies desde la configuraci\u00f3n de tu navegador, aunque esto puede afectar la funcionalidad del sitio.<\/li>\n<\/ul>\n\n\n\n<h3 class=\"wp-block-heading\">4. Cambios en la Pol\u00edtica<\/h3>\n\n\n\n<p>Podemos actualizar nuestra pol\u00edtica de cookies peri\u00f3dicamente. Te notificaremos sobre cualquier cambio mediante la publicaci\u00f3n en nuestro sitio web.<\/p>\n","protected":false},"excerpt":{"rendered":"<p>En Rominas , utilizamos cookies para mejorar tu experiencia en nuestro sitio web. 1. \u00bfQu\u00e9 son las Cookies? Las cookies [&hellip;]<\/p>\n","protected":false},"author":1,"featured_media":0,"parent":0,"menu_order":0,"comment_status":"closed","ping_status":"closed","template":"","meta":{"_monsterinsights_skip_tracking":false,"_monsterinsights_sitenote_active":false,"_monsterinsights_sitenote_note":"","_monsterinsights_sitenote_category":0,"site-sidebar-layout":"default","site-content-layout":"","ast-site-content-layout":"default","site-content-style":"default","site-sidebar-style":"default","ast-global-header-display":"","ast-banner-title-visibility":"","ast-main-header-display":"","ast-hfb-above-header-display":"","ast-hfb-below-header-display":"","ast-hfb-mobile-header-display":"","site-post-title":"","ast-breadcrumbs-content":"","ast-featured-img":"","footer-sml-layout":"","ast-disable-related-posts":"","theme-transparent-header-meta":"","adv-header-id-meta":"","stick-header-meta":"","header-above-stick-meta":"","header-main-stick-meta":"","header-below-stick-meta":"","astra-migrate-meta-layouts":"set","ast-page-background-enabled":"default","ast-page-background-meta":{"desktop":{"background-color":"var(--ast-global-color-4)","background-image":"","background-repeat":"repeat","background-position":"center center","background-size":"auto","background-attachment":"scroll","background-type":"","background-media":"","overlay-type":"","overlay-color":"","overlay-opacity":"","overlay-gradient":""},"tablet":{"background-color":"","background-image":"","background-repeat":"repeat","background-position":"center center","background-size":"auto","background-attachment":"scroll","background-type":"","background-media":"","overlay-type":"","overlay-color":"","overlay-opacity":"","overlay-gradient":""},"mobile":{"background-color":"","background-image":"","background-repeat":"repeat","background-position":"center center","background-size":"auto","background-attachment":"scroll","background-type":"","background-media":"","overlay-type":"","overlay-color":"","overlay-opacity":"","overlay-gradient":""}},"ast-content-background-meta":{"desktop":{"background-color":"var(--ast-global-color-5)","background-image":"","background-repeat":"repeat","background-position":"center center","background-size":"auto","background-attachment":"scroll","background-type":"","background-media":"","overlay-type":"","overlay-color":"","overlay-opacity":"","overlay-gradient":""},"tablet":{"background-color":"var(--ast-global-color-5)","background-image":"","background-repeat":"repeat","background-position":"center center","background-size":"auto","background-attachment":"scroll","background-type":"","background-media":"","overlay-type":"","overlay-color":"","overlay-opacity":"","overlay-gradient":""},"mobile":{"background-color":"var(--ast-global-color-5)","background-image":"","background-repeat":"repeat","background-position":"center center","background-size":"auto","background-attachment":"scroll","background-type":"","background-media":"","overlay-type":"","overlay-color":"","overlay-opacity":"","overlay-gradient":""}},"footnotes":""},"class_list":["post-3441","page","type-page","status-publish","hentry"],"jetpack_sharing_enabled":true,"_links":{"self":[{"href":"https:\/\/pasteleriarominas.com\/index.php?rest_route=\/wp\/v2\/pages\/3441","targetHints":{"allow":["GET"]}}],"collection":[{"href":"https:\/\/pasteleriarominas.com\/index.php?rest_route=\/wp\/v2\/pages"}],"about":[{"href":"https:\/\/pasteleriarominas.com\/index.php?rest_route=\/wp\/v2\/types\/page"}],"author":[{"embeddable":true,"href":"https:\/\/pasteleriarominas.com\/index.php?rest_route=\/wp\/v2\/users\/1"}],"replies":[{"embeddable":true,"href":"https:\/\/pasteleriarominas.com\/index.php?rest_route=%2Fwp%2Fv2%2Fcomments&post=3441"}],"version-history":[{"count":2,"href":"https:\/\/pasteleriarominas.com\/index.php?rest_route=\/wp\/v2\/pages\/3441\/revisions"}],"predecessor-version":[{"id":3443,"href":"https:\/\/pasteleriarominas.com\/index.php?rest_route=\/wp\/v2\/pages\/3441\/revisions\/3443"}],"wp:attachment":[{"href":"https:\/\/pasteleriarominas.com\/index.php?rest_route=%2Fwp%2Fv2%2Fmedia&parent=3441"}],"curies":[{"name":"wp","href":"https:\/\/api.w.org\/{rel}","templated":true}]}}