{"id":3438,"date":"2024-07-30T17:16:02","date_gmt":"2024-07-30T22:16:02","guid":{"rendered":"https:\/\/pasteleriarominas.com\/?page_id=3438"},"modified":"2024-07-30T17:44:39","modified_gmt":"2024-07-30T22:44:39","slug":"libro-de-reclamaciones","status":"publish","type":"page","link":"https:\/\/pasteleriarominas.com\/?page_id=3438","title":{"rendered":"Libro de Reclamaciones"},"content":{"rendered":"\t\t<div data-elementor-type=\"wp-page\" data-elementor-id=\"3438\" class=\"elementor elementor-3438\" data-elementor-settings=\"{&quot;ha_cmc_init_switcher&quot;:&quot;no&quot;}\" data-elementor-post-type=\"page\">\n\t\t\t\t<div class=\"elementor-element elementor-element-41a870a e-flex e-con-boxed e-con e-parent\" data-id=\"41a870a\" data-element_type=\"container\" data-e-type=\"container\" data-settings=\"{&quot;_ha_eqh_enable&quot;:false}\">\n\t\t\t\t\t<div class=\"e-con-inner\">\n\t\t\t\t<div class=\"elementor-element elementor-element-21dcaa9 elementor-widget elementor-widget-shortcode\" data-id=\"21dcaa9\" data-element_type=\"widget\" data-e-type=\"widget\" data-widget_type=\"shortcode.default\">\n\t\t\t\t<div class=\"elementor-widget-container\">\n\t\t\t\t\t\t\t<div class=\"elementor-shortcode\"><div class=\"forminator-ui forminator-custom-form forminator-custom-form-3446 forminator-design--default  forminator_ajax\" data-forminator-render=\"0\" data-form=\"forminator-module-3446\" data-uid=\"6a05901f49846\"><br\/><\/div><form\n\t\t\t\tid=\"forminator-module-3446\"\n\t\t\t\tclass=\"forminator-ui forminator-custom-form forminator-custom-form-3446 forminator-design--default  forminator_ajax\"\n\t\t\t\tmethod=\"post\"\n\t\t\t\tdata-forminator-render=\"0\"\n\t\t\t\tdata-form-id=\"3446\"\n\t\t\t\tenctype=\"multipart\/form-data\" data-color-option=\"default\" data-design=\"default\" data-grid=\"open\" style=\"display: none;\"\n\t\t\t\tdata-uid=\"6a05901f49846\"\n\t\t\t><div role=\"alert\" aria-live=\"polite\" class=\"forminator-response-message forminator-error\" aria-hidden=\"true\"><\/div><div class=\"forminator-row\"><div id=\"name-1\" class=\"forminator-field-name forminator-col forminator-col-12 \"><div class=\"forminator-field\"><label for=\"forminator-field-name-1_6a05901f49846\" id=\"forminator-field-name-1_6a05901f49846-label\" class=\"forminator-label\">Nombre <span class=\"forminator-required\">*<\/span><\/label><input type=\"text\" name=\"name-1\" value=\"\" placeholder=\"Ejemplo: Juan\" id=\"forminator-field-name-1_6a05901f49846\" class=\"forminator-input forminator-name--field\" aria-required=\"true\" autocomplete=\"name\" \/><\/div><\/div><\/div><div class=\"forminator-row\"><div id=\"email-1\" class=\"forminator-field-email forminator-col forminator-col-12 \"><div class=\"forminator-field\"><label for=\"forminator-field-email-1_6a05901f49846\" id=\"forminator-field-email-1_6a05901f49846-label\" class=\"forminator-label\">Direcci\u00f3n de correo electr\u00f3nico <span class=\"forminator-required\">*<\/span><\/label><input type=\"email\" name=\"email-1\" value=\"\" placeholder=\"Ej . : john@doe.com\" id=\"forminator-field-email-1_6a05901f49846\" class=\"forminator-input forminator-email--field\" data-required=\"true\" aria-required=\"true\" autocomplete=\"email\" \/><\/div><\/div><\/div><div class=\"forminator-row\"><div id=\"text-1\" class=\"forminator-field-text forminator-col forminator-col-6 \"><div class=\"forminator-field\"><label for=\"forminator-field-text-1_6a05901f49846\" id=\"forminator-field-text-1_6a05901f49846-label\" class=\"forminator-label\">DNI<\/label><input type=\"text\" name=\"text-1\" value=\"\" placeholder=\"Numero de DNI\" id=\"forminator-field-text-1_6a05901f49846\" class=\"forminator-input forminator-name--field\" data-required=\"\" \/><\/div><\/div><div id=\"phone-1\" class=\"forminator-field-phone forminator-col forminator-col-6 \"><div class=\"forminator-field\"><label for=\"forminator-field-phone-1_6a05901f49846\" id=\"forminator-field-phone-1_6a05901f49846-label\" class=\"forminator-label\">N\u00famero de tel\u00e9fono<\/label><input type=\"text\" name=\"phone-1\" value=\"\" placeholder=\"Ejemplo: +1 3004005000\" id=\"forminator-field-phone-1_6a05901f49846\" class=\"forminator-input forminator-field--phone\" data-required=\"\" aria-required=\"false\" autocomplete=\"off\" \/><\/div><\/div><\/div><div class=\"forminator-row\"><div id=\"checkbox-1\" class=\"forminator-field-checkbox forminator-col forminator-col-6 \"><div role=\"group\" class=\"forminator-field\" aria-labelledby=\"forminator-checkbox-group-forminator-field-checkbox-1-6a05901f49846-label\"><span id=\"forminator-checkbox-group-forminator-field-checkbox-1-6a05901f49846-label\" class=\"forminator-label\">Casilla de verificaci\u00f3n<\/span><label id=\"forminator-field-checkbox-1-1-6a05901f49846-label\" for=\"forminator-field-checkbox-1-1-6a05901f49846\" class=\"forminator-checkbox\" title=\"Reclamo\"><input type=\"checkbox\" name=\"checkbox-1[]\" value=\"one\" id=\"forminator-field-checkbox-1-1-6a05901f49846\" aria-labelledby=\"forminator-field-checkbox-1-1-6a05901f49846-label\" data-calculation=\"0\"   data-hidden-behavior=\"zero\"\/><span class=\"forminator-checkbox-box\" aria-hidden=\"true\"><\/span><span class=\"forminator-checkbox-label\">Reclamo<\/span><\/label><label id=\"forminator-field-checkbox-1-2-6a05901f49846-label\" for=\"forminator-field-checkbox-1-2-6a05901f49846\" class=\"forminator-checkbox\" title=\"Queja\"><input type=\"checkbox\" name=\"checkbox-1[]\" value=\"two\" id=\"forminator-field-checkbox-1-2-6a05901f49846\" aria-labelledby=\"forminator-field-checkbox-1-2-6a05901f49846-label\" data-calculation=\"0\"   data-hidden-behavior=\"zero\"\/><span class=\"forminator-checkbox-box\" aria-hidden=\"true\"><\/span><span class=\"forminator-checkbox-label\">Queja<\/span><\/label><label id=\"forminator-field-checkbox-1-3-6a05901f49846-label\" for=\"forminator-field-checkbox-1-3-6a05901f49846\" class=\"forminator-checkbox\" title=\"Otro\"><input type=\"checkbox\" name=\"checkbox-1[]\" value=\"Otro\" id=\"forminator-field-checkbox-1-3-6a05901f49846\" aria-labelledby=\"forminator-field-checkbox-1-3-6a05901f49846-label\" data-calculation=\"0\"   data-hidden-behavior=\"zero\"\/><span class=\"forminator-checkbox-box\" aria-hidden=\"true\"><\/span><span class=\"forminator-checkbox-label\">Otro<\/span><\/label><\/div><\/div><div id=\"textarea-1\" class=\"forminator-field-textarea forminator-col forminator-col-6 \"><div class=\"forminator-field\"><label for=\"forminator-field-textarea-1_6a05901f49846\" id=\"forminator-field-textarea-1_6a05901f49846-label\" class=\"forminator-label\">Mensaje<\/label><textarea name=\"textarea-1\" placeholder=\"Introduce tu mensaje...\" id=\"forminator-field-textarea-1_6a05901f49846\" class=\"forminator-textarea\" rows=\"6\" style=\"--forminator-textarea-min-height:140px;\" maxlength=\"180\" ><\/textarea><span id=\"forminator-field-textarea-1_6a05901f49846-description\" class=\"forminator-description\"><span data-limit=\"180\" data-type=\"characters\" data-editor=\"\">0 \/ 180<\/span><\/span><\/div><\/div><\/div><div class=\"forminator-row\"><div id=\"upload-1\" class=\"forminator-field-upload forminator-col forminator-col-12 \"><div class=\"forminator-field\"><label for=\"forminator-field-upload-1_6a05901f49846\" id=\"forminator-field-upload-1_6a05901f49846-label\" class=\"forminator-label\">Subir Documento Emitido<\/label><div class=\"forminator-file-upload \" data-element=\"upload-1_6a05901f49846\" aria-describedby=\"forminator-field-upload-1_6a05901f49846-description\"><input type=\"file\" name=\"upload-1\" id=\"forminator-field-upload-1_6a05901f49846\" class=\"forminator-input-file\" accept=\".jpg,.jpeg,.jpe,.gif,.png,.bmp,.tiff,.tif,.webp,.avif,.ico,.heic,.asf,.asx,.wmv,.wmx,.wm,.avi,.divx,.flv,.mov,.qt,.mpeg,.mpg,.mpe,.mp4,.m4v,.ogv,.webm,.mkv,.3gp,.3gpp,.3g2,.3gp2,.txt,.asc,.c,.cc,.h,.srt,.csv,.tsv,.ics,.rtx,.vtt,.mp3,.m4a,.m4b,.aac,.ra,.ram,.wav,.ogg,.oga,.flac,.mid,.midi,.wma,.wax,.mka,.rtf,.pdf,.class,.tar,.zip,.gz,.gzip,.7z,.psd,.xcf,.doc,.pot,.pps,.ppt,.wri,.xla,.xls,.xlt,.xlw,.mdb,.mpp,.docx,.docm,.dotx,.dotm,.xlsx,.xlsm,.xlsb,.xltx,.xltm,.xlam,.pptx,.pptm,.ppsx,.ppsm,.potx,.potm,.ppam,.sldx,.sldm,.onetoc,.onetoc2,.onetmp,.onepkg,.oxps,.xps,.odt,.odp,.ods,.odg,.odc,.odb,.odf,.wp,.wpd,.key,.numbers,.pages,.svgz,.json\" tabindex=\"-1\"><button id=\"forminator-field-upload-1_6a05901f49846_button\" class=\"forminator-button forminator-button-upload\" data-id=\"forminator-field-upload-1_6a05901f49846\">Elegir archivo<\/button><span data-empty-text=\"Ning\u00fan archivo seleccionado\">Ning\u00fan archivo seleccionado<\/span><button class=\"forminator-button-delete\" style=\"display: none;\"><i class=\"forminator-icon-close\" aria-hidden=\"true\"><\/i><span class=\"forminator-screen-reader-only\">Eliminar el archivo subido<\/span><\/button><\/div><span id=\"forminator-field-upload-1_6a05901f49846-description\" class=\"forminator-description\">Cargue la boleta o factura<\/span><\/div><\/div><\/div><div class=\"forminator-row\"><div id=\"textarea-2\" class=\"forminator-field-textarea forminator-col forminator-col-12 \"><div class=\"forminator-field\"><label for=\"forminator-field-textarea-2_6a05901f49846\" id=\"forminator-field-textarea-2_6a05901f49846-label\" class=\"forminator-label\">Detalle lo sucedido<\/label><textarea name=\"textarea-2\" placeholder=\"Ejemplo: texto de marcador de posici\u00f3n\nPuedes a\u00f1adir una nueva l\u00ednea\" id=\"forminator-field-textarea-2_6a05901f49846\" class=\"forminator-textarea\" rows=\"6\" style=\"--forminator-textarea-min-height:140px;\" ><\/textarea><\/div><\/div><\/div><div class=\"forminator-row\"><div id=\"date-1\" class=\"forminator-field-date forminator-col forminator-col-12 \"><div class=\"forminator-field\"><label for=\"forminator-field-date-1-picker_6a05901f49846\" id=\"forminator-field-date-1-picker_6a05901f49846-label\" class=\"forminator-label\">Fecha De Compra<\/label><div class=\"forminator-input-with-icon\"><span class=\"forminator-icon-calendar\" aria-hidden=\"true\"><\/span><input autocomplete=\"off\" type=\"text\" size=\"1\" name=\"date-1\" value=\"\" placeholder=\"Elegir fecha\" id=\"forminator-field-date-1-picker_6a05901f49846\" class=\"forminator-input forminator-datepicker\" data-required=\"\" data-format=\"mm\/dd\/yy\" data-restrict-type=\"\" data-restrict=\"\" data-start-year=\"1926\" data-end-year=\"2126\" data-past-dates=\"enable\" data-start-of-week=\"1\" data-start-date=\"\" data-end-date=\"\" data-start-field=\"\" data-end-field=\"\" data-start-offset=\"\" data-end-offset=\"\" data-disable-date=\"\" data-disable-range=\"\" \/><\/div><\/div><\/div><\/div><div class=\"forminator-row\"><div id=\"currency-1\" class=\"forminator-field-currency forminator-col forminator-col-12 \"><div class=\"forminator-field\"><label for=\"forminator-field-currency-1_6a05901f49846\" id=\"forminator-field-currency-1_6a05901f49846-label\" class=\"forminator-label\">Monto del Pedio<\/label><div class=\"forminator-input-with-suffix\"><input name=\"currency-1\" value=\"\" placeholder=\"P.ej.  10\" id=\"forminator-field-currency-1_6a05901f49846\" class=\"forminator-input forminator-currency\" data-required=\"\" aria-required=\"\" data-decimals=\"2\" data-inputmask=\"&#039;groupSeparator&#039;: &#039;&#039;, &#039;radixPoint&#039;: &#039;.&#039;, &#039;digits&#039;: &#039;2&#039;\" data-hidden-behavior=\"zero\" type=\"number\" step=\"any\" \/><span class=\"forminator-suffix\">PEN<\/span><\/div><\/div><\/div><\/div><div class=\"forminator-row\"><div id=\"consent-1\" class=\"forminator-field-consent forminator-col forminator-col-6 \"><div class=\"forminator-field\"><label for=\"forminator-field-consent-1_6a05901f49846\" id=\"forminator-field-consent-1_6a05901f49846-label\" class=\"forminator-label\">Consent <span class=\"forminator-required\">*<\/span><\/label><div class=\"forminator-checkbox__wrapper\"><label id=\"forminator-field-consent-1_6a05901f49846__label\" class=\"forminator-checkbox forminator-consent\"><input type=\"checkbox\" name=\"consent-1\" id=\"forminator-field-consent-1_6a05901f49846\" value=\"checked\" aria-labelledby=\"forminator-field-consent-1_6a05901f49846-label\" aria-describedby=\"forminator-field-consent-1_6a05901f49846__description\" data-required=\"true\" aria-required=\"true\" \/><span class=\"forminator-checkbox-box\" aria-hidden=\"true\"><\/span><\/label><div id=\"forminator-field-consent-1_6a05901f49846__description\" class=\"forminator-checkbox__label forminator-consent__label\"><p>S\u00ed, estoy de acuerdo con los <a href=\"https:\/\/pasteleriarominas.com\/wp-admin\/post.php?post=3431&amp;action=edit\">Terminos y Condiciones.<\/a><\/p><\/div><\/div><\/div><\/div><\/div><div class=\"forminator-row\"><div id=\"text-2\" class=\"forminator-field-text forminator-col forminator-col-12 \"><div class=\"forminator-field\"><label for=\"forminator-field-text-2_6a05901f49846\" id=\"forminator-field-text-2_6a05901f49846-label\" class=\"forminator-label\">Nota:<\/label><input type=\"text\" name=\"text-2\" value=\"\" placeholder=\"Rominas le dar\u00e1 una respuesta dentro de 15 d\u00edas h\u00e1biles\" id=\"forminator-field-text-2_6a05901f49846\" class=\"forminator-input forminator-name--field\" data-required=\"\" \/><\/div><\/div><\/div><input type=\"hidden\" name=\"referer_url\" value=\"\" \/><div class=\"forminator-row forminator-row-last\"><div class=\"forminator-col\"><div class=\"forminator-field\"><button class=\"forminator-button forminator-button-submit\">Enviar mensaje<\/button><\/div><\/div><\/div><input type=\"hidden\" id=\"forminator_nonce\" name=\"forminator_nonce\" value=\"385d941341\" \/><input type=\"hidden\" name=\"_wp_http_referer\" value=\"\/index.php?rest_route=%2Fwp%2Fv2%2Fpages%2F3438\" \/><input type=\"hidden\" name=\"form_id\" value=\"3446\"><input type=\"hidden\" name=\"page_id\" value=\"3438\"><input type=\"hidden\" name=\"form_type\" value=\"default\"><input type=\"hidden\" name=\"current_url\" value=\"https:\/\/pasteleriarominas.com\/?page_id=3438\"><input type=\"hidden\" name=\"render_id\" value=\"0\"><input type=\"hidden\" name=\"action\" value=\"forminator_submit_form_custom-forms\"><\/form><\/div>\n\t\t\t\t\t\t<\/div>\n\t\t\t\t<\/div>\n\t\t\t\t\t<\/div>\n\t\t\t\t<\/div>\n\t\t\t\t<\/div>\n\t\t","protected":false},"excerpt":{"rendered":"","protected":false},"author":1,"featured_media":0,"parent":0,"menu_order":0,"comment_status":"closed","ping_status":"closed","template":"","meta":{"_monsterinsights_skip_tracking":false,"_monsterinsights_sitenote_active":false,"_monsterinsights_sitenote_note":"","_monsterinsights_sitenote_category":0,"site-sidebar-layout":"no-sidebar","site-content-layout":"page-builder","ast-site-content-layout":"full-width-container","site-content-style":"default","site-sidebar-style":"default","ast-global-header-display":"","ast-banner-title-visibility":"","ast-main-header-display":"","ast-hfb-above-header-display":"","ast-hfb-below-header-display":"","ast-hfb-mobile-header-display":"","site-post-title":"disabled","ast-breadcrumbs-content":"","ast-featured-img":"disabled","footer-sml-layout":"","ast-disable-related-posts":"","theme-transparent-header-meta":"","adv-header-id-meta":"","stick-header-meta":"","header-above-stick-meta":"","header-main-stick-meta":"","header-below-stick-meta":"","astra-migrate-meta-layouts":"set","ast-page-background-enabled":"default","ast-page-background-meta":{"desktop":{"background-color":"var(--ast-global-color-4)","background-image":"","background-repeat":"repeat","background-position":"center center","background-size":"auto","background-attachment":"scroll","background-type":"","background-media":"","overlay-type":"","overlay-color":"","overlay-opacity":"","overlay-gradient":""},"tablet":{"background-color":"","background-image":"","background-repeat":"repeat","background-position":"center center","background-size":"auto","background-attachment":"scroll","background-type":"","background-media":"","overlay-type":"","overlay-color":"","overlay-opacity":"","overlay-gradient":""},"mobile":{"background-color":"","background-image":"","background-repeat":"repeat","background-position":"center center","background-size":"auto","background-attachment":"scroll","background-type":"","background-media":"","overlay-type":"","overlay-color":"","overlay-opacity":"","overlay-gradient":""}},"ast-content-background-meta":{"desktop":{"background-color":"var(--ast-global-color-5)","background-image":"","background-repeat":"repeat","background-position":"center center","background-size":"auto","background-attachment":"scroll","background-type":"","background-media":"","overlay-type":"","overlay-color":"","overlay-opacity":"","overlay-gradient":""},"tablet":{"background-color":"var(--ast-global-color-5)","background-image":"","background-repeat":"repeat","background-position":"center center","background-size":"auto","background-attachment":"scroll","background-type":"","background-media":"","overlay-type":"","overlay-color":"","overlay-opacity":"","overlay-gradient":""},"mobile":{"background-color":"var(--ast-global-color-5)","background-image":"","background-repeat":"repeat","background-position":"center center","background-size":"auto","background-attachment":"scroll","background-type":"","background-media":"","overlay-type":"","overlay-color":"","overlay-opacity":"","overlay-gradient":""}},"footnotes":""},"class_list":["post-3438","page","type-page","status-publish","hentry"],"jetpack_sharing_enabled":true,"_links":{"self":[{"href":"https:\/\/pasteleriarominas.com\/index.php?rest_route=\/wp\/v2\/pages\/3438","targetHints":{"allow":["GET"]}}],"collection":[{"href":"https:\/\/pasteleriarominas.com\/index.php?rest_route=\/wp\/v2\/pages"}],"about":[{"href":"https:\/\/pasteleriarominas.com\/index.php?rest_route=\/wp\/v2\/types\/page"}],"author":[{"embeddable":true,"href":"https:\/\/pasteleriarominas.com\/index.php?rest_route=\/wp\/v2\/users\/1"}],"replies":[{"embeddable":true,"href":"https:\/\/pasteleriarominas.com\/index.php?rest_route=%2Fwp%2Fv2%2Fcomments&post=3438"}],"version-history":[{"count":5,"href":"https:\/\/pasteleriarominas.com\/index.php?rest_route=\/wp\/v2\/pages\/3438\/revisions"}],"predecessor-version":[{"id":3449,"href":"https:\/\/pasteleriarominas.com\/index.php?rest_route=\/wp\/v2\/pages\/3438\/revisions\/3449"}],"wp:attachment":[{"href":"https:\/\/pasteleriarominas.com\/index.php?rest_route=%2Fwp%2Fv2%2Fmedia&parent=3438"}],"curies":[{"name":"wp","href":"https:\/\/api.w.org\/{rel}","templated":true}]}}